{"id":685,"date":"2014-10-15T11:13:22","date_gmt":"2014-10-15T11:13:22","guid":{"rendered":"http:\/\/quanticalabs.com\/wp_themes3\/fable\/?page_id=685"},"modified":"2023-08-22T18:07:48","modified_gmt":"2023-08-22T21:07:48","slug":"inscripciones","status":"publish","type":"page","link":"https:\/\/clubalmacen.com\/chile\/inscripciones\/","title":{"rendered":"Inscripciones"},"content":{"rendered":"<div id=\"pb_line_7E37300512C99386769FAAA6A4F3371C\"  class=\"pb-line pb-clear-fix theme-section-padding-bottom\" style=\"background-repeat:no-repeat;\"><ul class=\"pb-layout pb-layout-100 pb-reset-list pb-clear-fix pb-main\"><li class=\"pb-layout-column-left\"> <div class=\"pb-space-line\"><\/div><div>\r\n\t\t\t<div class=\"pb-team pb-team-template-1 pb-clear-fix\" id=\"pb_team_46BF431243FDDC9E27F856E522006787\">\r\n\t\t\t\t<ul class=\"pb-layout-100 pb-reset-list pb-clear-fix\">\r\n\t\t\t\t\t\r\n\t\t\t\t<li class=\"pb-layout-column-left\">\r\n\t\t\t<div class=\"pb-layout-33x66 pb-clear-fix\"><div class=\"pb-layout-column-left\"><div class=\"pb-image-box pb-image-preloader-animation-enable pb-image-preloader pb-image-hover pb-image-hover-type-fade pb-image-type-image pb-fancybox-disabled pb-image-text-enable\"><a href=\"#\" class=\"pb-image\"><img decoding=\"async\" src=\"https:\/\/clubalmacen.com\/chile\/wp-content\/uploads\/2019\/03\/club-almacen-noticias-inscipcion-1-525x560.jpg\" alt=\"\"\/><span><span><span><\/span><\/span><\/span><\/a><div class=\"pb-image-text\"><h6 class=\"pb-image-text-caption\">Inscripci\u00f3n para recibir Noticias<\/h6><\/div><\/div>\r\n\t\t\t\t\t\t<ul class=\"pb-team-social-icon-box pb-reset-list pb-clear-fix\">\r\n\t\t\t\t\t\t\t\r\n\t\t\t\t\t\t<li>\r\n\t\t\t\t\t\t\t<a href=\"https:\/\/www.facebook.com\/clubalmacen\" class=\"pb-team-social-icon-facebook pb-window-target-blank\"><\/a>\r\n\t\t\t\t\t\t<\/li>\r\n\t\t\t\t\t\r\n\t\t\t\t\t\t<li>\r\n\t\t\t\t\t\t\t<a href=\"https:\/\/www.instagram.com\/clubalmacen\/\" class=\"pb-team-social-icon-instagram pb-window-target-blank\"><\/a>\r\n\t\t\t\t\t\t<\/li>\r\n\t\t\t\t\t\r\n\t\t\t\t\t\t<li>\r\n\t\t\t\t\t\t\t<a href=\"https:\/\/twitter.com\/clubalmacen\" class=\"pb-team-social-icon-twitter pb-window-target-blank\"><\/a>\r\n\t\t\t\t\t\t<\/li>\r\n\t\t\t\t\t\r\n\t\t\t\t\t\t<li>\r\n\t\t\t\t\t\t\t<a href=\"https:\/\/www.linkedin.com\/company\/clubalmacen\/\" class=\"pb-team-social-icon-linkedin pb-window-target-blank\"><\/a>\r\n\t\t\t\t\t\t<\/li>\r\n\t\t\t\t\t\r\n\t\t\t\t\t\t<\/ul>\r\n\t\t\t\t\t<\/div><div class=\"pb-layout-column-right\"><div class=\"pb-team-text-box\"><h3 class=\"pb-team-text-box-member-name\">Inscripci\u00f3n para recibir Noticias<\/h3><p>Cada vez que Club Almac\u00e9n publique una noticia de inter\u00e9s especial, podemos envi\u00e1rtela a tu Email y Whatsapp.\u00a0 Para esto solo necesitas llenar el siguiente formulario y anotar tus temas de mayor inter\u00e9s,<\/p>\n<p><script type=\"text\/javascript\" defer src=\"\/\/www.123formbuilder.com\/embed\/4850387.js\" data-role=\"form\" data-default-width=\"650px\"><\/script><\/p>\n<div class=\"pb-space-line\"><\/div>\n<div class=\"pb-space pb-clear-fix\" style=\"height:30px;\"><\/div>\n<\/div><\/div><\/div>\r\n\t\t\t\t<\/li>\r\n\t\t\t\r\n\t\t\t\t<li class=\"pb-layout-column-left\">\r\n\t\t\t<div class=\"pb-layout-33x66 pb-clear-fix\"><div class=\"pb-layout-column-left\"><div class=\"pb-image-box pb-image-preloader-animation-enable pb-image-preloader pb-image-hover pb-image-hover-type-fade pb-image-type-image pb-image-text-enable\"><a href=\"https:\/\/clubalmacen.com\/chile\/wp-content\/uploads\/2019\/03\/club-almacen-asociacion-inscipcion-3.jpg\" class=\"pb-image\"><img decoding=\"async\" src=\"https:\/\/clubalmacen.com\/chile\/wp-content\/uploads\/2019\/03\/club-almacen-asociacion-inscipcion-3-525x560.jpg\" alt=\"\"\/><span><span><span><\/span><\/span><\/span><\/a><div class=\"pb-image-text\"><h6 class=\"pb-image-text-caption\">Inscripci\u00f3n 2 para desarrollar juntos la mejor Tecnolog\u00eda<\/h6><div class=\"pb-image-text-description\">Desarrollemos juntos la mejor Tecnolog\u00eda<\/div><\/div><\/div>\r\n\t\t\t\t\t\t<ul class=\"pb-team-social-icon-box pb-reset-list pb-clear-fix\">\r\n\t\t\t\t\t\t\t\r\n\t\t\t\t\t\t<li>\r\n\t\t\t\t\t\t\t<a href=\"https:\/\/www.facebook.com\/clubalmacen\" class=\"pb-team-social-icon-facebook pb-window-target-blank\"><\/a>\r\n\t\t\t\t\t\t<\/li>\r\n\t\t\t\t\t\r\n\t\t\t\t\t\t<li>\r\n\t\t\t\t\t\t\t<a href=\"https:\/\/www.instagram.com\/clubalmacen\/\" class=\"pb-team-social-icon-instagram pb-window-target-blank\"><\/a>\r\n\t\t\t\t\t\t<\/li>\r\n\t\t\t\t\t\r\n\t\t\t\t\t\t<li>\r\n\t\t\t\t\t\t\t<a href=\"https:\/\/twitter.com\/clubalmacen\" class=\"pb-team-social-icon-twitter pb-window-target-blank\"><\/a>\r\n\t\t\t\t\t\t<\/li>\r\n\t\t\t\t\t\r\n\t\t\t\t\t\t<li>\r\n\t\t\t\t\t\t\t<a href=\"https:\/\/www.linkedin.com\/company\/clubalmacen\/\" class=\"pb-team-social-icon-linkedin pb-window-target-blank\"><\/a>\r\n\t\t\t\t\t\t<\/li>\r\n\t\t\t\t\t\r\n\t\t\t\t\t\t<\/ul>\r\n\t\t\t\t\t<\/div><div class=\"pb-layout-column-right\"><div class=\"pb-team-text-box\"><h3 class=\"pb-team-text-box-member-name\">Inscripci\u00f3n 2 para desarrollar juntos la mejor Tecnolog\u00eda<\/h3><div class=\"pb-team-text-box-member-position\">Desarrollemos juntos la mejor Tecnolog\u00eda<\/div><p>Si tu tema es la tecnolog\u00eda y te gustar\u00eda alg\u00fan d\u00eda incorporar una soluci\u00f3n de Punto de Venta para administrar y controlar tu negocio, de forma m\u00e1s c\u00f3moda, entonces inscribete para te hagamos llegar informaci\u00f3n y propuestas interesantes.<\/p>\n<p><!-- www.123formbuilder.com script begins here --><br \/>\n<iframe allowTransparency=\"true\" style=\"min-height:1100px; height:inherit; overflow:auto;\" width=\"100%\" id=\"contactform123\" name=\"contactform123\" marginwidth=\"0\" marginheight=\"0\" frameborder=\"0\" src=\"\/\/www.123formbuilder.com\/my-contact-form-3350137.html\"><\/p>\n<p>Your browser does not support iframes. The contact form cannot be displayed. Please use another contact method (phone, fax etc)<\/p>\n<p><\/iframe><br \/>\n<!-- www.123formbuilder.com script ends here --><\/p>\n<div class=\"pb-space-line\"><\/div>\n<div class=\"pb-space pb-clear-fix\" style=\"height:30px;\"><\/div>\n<p>&nbsp;<\/p>\n<\/div><\/div><\/div>\r\n\t\t\t\t<\/li>\r\n\t\t\t\r\n\t\t\t\t<li class=\"pb-layout-column-left\">\r\n\t\t\t<div class=\"pb-layout-33x66 pb-clear-fix\"><div class=\"pb-layout-column-left\"><div class=\"pb-image-box pb-image-preloader-animation-enable pb-image-preloader pb-image-hover pb-image-hover-type-fade pb-image-type-image pb-fancybox-disabled pb-image-text-enable\"><a href=\"#\" class=\"pb-image\"><img decoding=\"async\" src=\"https:\/\/clubalmacen.com\/chile\/wp-content\/uploads\/2014\/10\/mapa-chile-gremio-1-blanco-b.png\" alt=\"\"\/><span><span><span><\/span><\/span><\/span><\/a><div class=\"pb-image-text\"><h6 class=\"pb-image-text-caption\">Inscripci\u00f3n para formar una Asociaci\u00f3n<\/h6><\/div><\/div>\r\n\t\t\t\t\t\t<ul class=\"pb-team-social-icon-box pb-reset-list pb-clear-fix\">\r\n\t\t\t\t\t\t\t\r\n\t\t\t\t\t\t<li>\r\n\t\t\t\t\t\t\t<a href=\"https:\/\/www.facebook.com\/clubalmacen\" class=\"pb-team-social-icon-facebook pb-window-target-blank\"><\/a>\r\n\t\t\t\t\t\t<\/li>\r\n\t\t\t\t\t\r\n\t\t\t\t\t\t<li>\r\n\t\t\t\t\t\t\t<a href=\"https:\/\/www.instagram.com\/clubalmacen\/\" class=\"pb-team-social-icon-instagram pb-window-target-blank\"><\/a>\r\n\t\t\t\t\t\t<\/li>\r\n\t\t\t\t\t\r\n\t\t\t\t\t\t<li>\r\n\t\t\t\t\t\t\t<a href=\"https:\/\/twitter.com\/clubalmacen\" class=\"pb-team-social-icon-twitter pb-window-target-blank\"><\/a>\r\n\t\t\t\t\t\t<\/li>\r\n\t\t\t\t\t\r\n\t\t\t\t\t\t<li>\r\n\t\t\t\t\t\t\t<a href=\"https:\/\/www.linkedin.com\/company\/clubalmacen\/\" class=\"pb-team-social-icon-linkedin pb-window-target-blank\"><\/a>\r\n\t\t\t\t\t\t<\/li>\r\n\t\t\t\t\t\r\n\t\t\t\t\t\t<\/ul>\r\n\t\t\t\t\t<\/div><div class=\"pb-layout-column-right\"><div class=\"pb-team-text-box\"><h3 class=\"pb-team-text-box-member-name\">Inscripci\u00f3n para formar una Asociaci\u00f3n<\/h3><p>Si no estamos organizados estaremos perdiendo grandes oportunidades para mejorar nuestras ventas, ganancias y calidad de vida, pues existen importantes fondos que el Gobierno entregar\u00e1 para apoyar el comercio de barrio en los pr\u00f3ximos meses y a\u00f1os, de modo que tu proyecto de crecimiento puede ser potencialmente apoyado; tambi\u00e9n existen grandes cambios que te pueden afectar y conviene participar con los legisladores y aprender a enfrentar de mejor forma la reforma tributaria, boleta electr\u00f3nica y reforma laboral; y por \u00faltimo porque existen nuevas oportunidades de negocios que est\u00e1n produciendo en las revoluciones tecnol\u00f3gicas que est\u00e1 experimentando en Chile\u00a0 la industria bancaria, el reparto a domicilio y los medios de pago, de modo que queremos organizar y fundar la primera asociaci\u00f3n formal de comercios de barrio de Chile, por lo que te hacemos dos preguntas que nos puedes responder mediante el siguiente formulario. Te hago esta invitaci\u00f3n personalmente, para as\u00ed estar en contacto contigo.<\/p>\n<p>Te saluda atentamente,\u00a0<strong>Carlos Raggio,\u00a0 <\/strong>Co-fundador de Club Almac\u00e9n<\/p>\n<p><!-- www.123formbuilder.com script begins here --><br \/>\n<iframe allowTransparency=\"true\" style=\"min-height:1500px; height:inherit; overflow:auto;\" width=\"100%\" id=\"contactform123\" name=\"contactform123\" marginwidth=\"0\" marginheight=\"0\" frameborder=\"0\" src=\"\/\/www.123formbuilder.com\/my-contact-form-4814375.html\"><\/p>\n<p>Your browser does not support iframes. The contact form cannot be displayed. Please use another contact method (phone, fax etc)<\/p>\n<p><\/iframe><br \/>\n<!-- www.123formbuilder.com script ends here --><\/p>\n<p>&nbsp;<\/p>\n<div class=\"pb-space-line\"><\/div>\n<div class=\"pb-space pb-clear-fix\" style=\"height:30px;\"><\/div>\n<p>&nbsp;<\/p>\n<p>&nbsp;<\/p>\n<p>&nbsp;<\/p>\n<p>&nbsp;<\/p>\n<p>&nbsp;<\/p>\n<p>&nbsp;<\/p>\n<p>&nbsp;<\/p>\n<\/div><\/div><\/div>\r\n\t\t\t\t<\/li>\r\n\t\t\t\r\n\t\t\t\t<\/ul>\t\t\t\r\n\t\t\t<\/div>\r\n\t\t\t<div class=\"pb-script-tag\">\r\n\t\t\t\t<script type=\"text\/javascript\">\r\n\t\t\t\t\tjQuery(document).ready(function($)\r\n\t\t\t\t\t{\r\n\t\t\t\t\t\t$('#pb_team_46BF431243FDDC9E27F856E522006787').PBTeam({\"hover_type\":\"fade\",\"hover_enable\":\"1\",\"preloader_enable\":\"1\",\"skill_list_waypoint_enable\":1,\"skill_list_waypoint_easing\":\"swing\",\"skill_list_waypoint_duration\":\"500\",\"skill_list_waypoint_offset_trigger\":\"90%\"});\r\n\t\t\t\t\t});\r\n\t\t\t\t<\/script>\r\n\t\t\t<\/div>\r\n\t\t<\/div><\/li><\/ul><\/div><div class=\"pb-script-tag\"><script type=\"text\/javascript\">jQuery(document).ready(function($){$(\"#pb_line_7E37300512C99386769FAAA6A4F3371C\").PBLayout({\"bg_parallax_speed\":\"30\",\"bg_parallax_enable\":\"0\",\"bg_parallax_mobile_enable\":\"0\"},0);});<\/script><\/div>\n","protected":false},"excerpt":{"rendered":"","protected":false},"author":1,"featured_media":0,"parent":0,"menu_order":0,"comment_status":"open","ping_status":"closed","template":"main.php","meta":{"footnotes":""},"class_list":["post-685","page","type-page","status-publish","hentry"],"_links":{"self":[{"href":"https:\/\/clubalmacen.com\/chile\/wp-json\/wp\/v2\/pages\/685","targetHints":{"allow":["GET"]}}],"collection":[{"href":"https:\/\/clubalmacen.com\/chile\/wp-json\/wp\/v2\/pages"}],"about":[{"href":"https:\/\/clubalmacen.com\/chile\/wp-json\/wp\/v2\/types\/page"}],"author":[{"embeddable":true,"href":"https:\/\/clubalmacen.com\/chile\/wp-json\/wp\/v2\/users\/1"}],"replies":[{"embeddable":true,"href":"https:\/\/clubalmacen.com\/chile\/wp-json\/wp\/v2\/comments?post=685"}],"version-history":[{"count":7,"href":"https:\/\/clubalmacen.com\/chile\/wp-json\/wp\/v2\/pages\/685\/revisions"}],"predecessor-version":[{"id":2542,"href":"https:\/\/clubalmacen.com\/chile\/wp-json\/wp\/v2\/pages\/685\/revisions\/2542"}],"wp:attachment":[{"href":"https:\/\/clubalmacen.com\/chile\/wp-json\/wp\/v2\/media?parent=685"}],"curies":[{"name":"wp","href":"https:\/\/api.w.org\/{rel}","templated":true}]}}